{"id":66,"date":"2012-12-07T16:26:49","date_gmt":"2012-12-07T15:26:49","guid":{"rendered":"http:\/\/www.generaalgoudvis.nl\/?page_id=66"},"modified":"2021-02-26T20:33:13","modified_gmt":"2021-02-26T19:33:13","slug":"weetjes-voor-watjes","status":"publish","type":"page","link":"http:\/\/www.generaalgoudvis.nl\/?page_id=66","title":{"rendered":"Weetjes"},"content":{"rendered":"<p>Iedereen weet wel eens iets niet. Ook voor mij geldt dat ik h\u00e9\u00e9\u00e9l veel niet weet.<\/p>\n<p>Maar wat ik dan wel handig vind, dat jullie weten&#8230;.tref je bijgaand!<\/p>\n<h1>De Weetjes:<\/h1>\n<p><a title=\"Pending Orders\" href=\"http:\/\/www.generaalgoudvis.nl\/?page_id=2\">Renko<\/a>: die is in Metatrader niet standaard. Maar wel rustgevend en een mooie visualisatie. In vele verschijningsvormen.<\/p>\n<p><a title=\"Pending Orders\" href=\"http:\/\/www.generaalgoudvis.nl\/?page_id=70 \">Pending orders<\/a>: in Metatrader en voor mij altijd weer&#8230;..lastig. Dus een pagina eraan gewijd.<\/p>\n<p>Gratis e-book, cursus, videos en veel meer, neem een free-membership op ElectroFX:<\/p>\n<p><a href=\"http:\/\/electrofx.com\/efx-training\/?ap_id=Generaal_Goudvis\" target=\"_blank\" rel=\"noopener\"><img decoding=\"async\" src=\"http:\/\/electrofx.com\/banners\/ElectroFX-Logo-468x60.jpg\" alt=\"ElectroFX - Empowering Your Future With Forex\" border=\"0\" \/><\/a><\/p>\n","protected":false},"excerpt":{"rendered":"<p>Iedereen weet wel eens iets niet. Ook voor mij geldt dat ik h\u00e9\u00e9\u00e9l veel niet weet. Maar wat ik dan wel handig vind, dat jullie weten&#8230;.tref je bijgaand! De Weetjes: Renko: die is in Metatrader niet standaard. Maar wel rustgevend en een mooie visualisatie. In vele verschijningsvormen. Pending orders: in Metatrader en voor mij altijd&hellip; <a class=\"more-link\" href=\"http:\/\/www.generaalgoudvis.nl\/?page_id=66\">Lees verder <span class=\"screen-reader-text\">Weetjes<\/span><\/a><\/p>\n","protected":false},"author":1,"featured_media":0,"parent":0,"menu_order":0,"comment_status":"open","ping_status":"open","template":"","meta":{"footnotes":"","_links_to":"","_links_to_target":""},"class_list":["post-66","page","type-page","status-publish","hentry","entry"],"_links":{"self":[{"href":"http:\/\/www.generaalgoudvis.nl\/index.php?rest_route=\/wp\/v2\/pages\/66","targetHints":{"allow":["GET"]}}],"collection":[{"href":"http:\/\/www.generaalgoudvis.nl\/index.php?rest_route=\/wp\/v2\/pages"}],"about":[{"href":"http:\/\/www.generaalgoudvis.nl\/index.php?rest_route=\/wp\/v2\/types\/page"}],"author":[{"embeddable":true,"href":"http:\/\/www.generaalgoudvis.nl\/index.php?rest_route=\/wp\/v2\/users\/1"}],"replies":[{"embeddable":true,"href":"http:\/\/www.generaalgoudvis.nl\/index.php?rest_route=%2Fwp%2Fv2%2Fcomments&post=66"}],"version-history":[{"count":13,"href":"http:\/\/www.generaalgoudvis.nl\/index.php?rest_route=\/wp\/v2\/pages\/66\/revisions"}],"predecessor-version":[{"id":825,"href":"http:\/\/www.generaalgoudvis.nl\/index.php?rest_route=\/wp\/v2\/pages\/66\/revisions\/825"}],"wp:attachment":[{"href":"http:\/\/www.generaalgoudvis.nl\/index.php?rest_route=%2Fwp%2Fv2%2Fmedia&parent=66"}],"curies":[{"name":"wp","href":"https:\/\/api.w.org\/{rel}","templated":true}]}}